{"id":4694,"date":"2026-01-19T11:54:50","date_gmt":"2026-01-19T07:54:50","guid":{"rendered":"https:\/\/islandwingsmauritius.com\/?page_id=4694"},"modified":"2026-02-25T09:12:16","modified_gmt":"2026-02-25T05:12:16","slug":"conditions-generales","status":"publish","type":"page","link":"https:\/\/islandwingsmauritius.com\/fr\/conditions-generales\/","title":{"rendered":"Conditions G\u00e9n\u00e9rales"},"content":{"rendered":"\t\t<div data-elementor-type=\"wp-page\" data-elementor-id=\"4694\" class=\"elementor elementor-4694 elementor-4693\" data-elementor-post-type=\"page\">\n\t\t\t\t<div data-dce-background-image-url=\"https:\/\/islandwingsmauritius.com\/wp-content\/uploads\/home-hero.webp\" class=\"elementor-element elementor-element-3ac5954 e-flex e-con-boxed e-con e-parent\" data-id=\"3ac5954\" data-element_type=\"container\" data-settings=\"{&quot;background_background&quot;:&quot;classic&quot;}\">\n\t\t\t\t\t<div class=\"e-con-inner\">\n\t\t\t\t<div class=\"elementor-element elementor-element-d880a41 animated-fast elementor-invisible elementor-widget elementor-widget-heading\" data-id=\"d880a41\" data-element_type=\"widget\" data-settings=\"{&quot;_animation&quot;:&quot;fadeInUp&quot;}\" data-widget_type=\"heading.default\">\n\t\t\t\t<div class=\"elementor-widget-container\">\n\t\t\t\t\t<h1 class=\"elementor-heading-title elementor-size-default\">Conditions G\u00e9n\u00e9rales<\/h1>\t\t\t\t<\/div>\n\t\t\t\t<\/div>\n\t\t\t\t\t<\/div>\n\t\t\t\t<\/div>\n\t\t<div class=\"elementor-element elementor-element-67979ba e-flex e-con-boxed e-con e-parent\" data-id=\"67979ba\" data-element_type=\"container\" data-settings=\"{&quot;background_background&quot;:&quot;classic&quot;}\">\n\t\t\t\t\t<div class=\"e-con-inner\">\n\t\t<div class=\"elementor-element elementor-element-b72fb3b e-con-full e-flex e-con e-child\" data-id=\"b72fb3b\" data-element_type=\"container\">\n\t\t\t\t<div class=\"elementor-element elementor-element-1d03843 animated-fast elementor-invisible elementor-widget elementor-widget-heading\" data-id=\"1d03843\" data-element_type=\"widget\" data-settings=\"{&quot;_animation&quot;:&quot;fadeInUp&quot;}\" data-widget_type=\"heading.default\">\n\t\t\t\t<div class=\"elementor-widget-container\">\n\t\t\t\t\t<h4 class=\"elementor-heading-title elementor-size-default\">Un passager \u00e0 la fois par avion<\/h4>\t\t\t\t<\/div>\n\t\t\t\t<\/div>\n\t\t\t\t<div class=\"elementor-element elementor-element-96ea4a7 animated-fast elementor-invisible elementor-widget elementor-widget-text-editor\" data-id=\"96ea4a7\" data-element_type=\"widget\" data-settings=\"{&quot;_animation&quot;:&quot;fadeInUp&quot;}\" data-widget_type=\"text-editor.default\">\n\t\t\t\t<div class=\"elementor-widget-container\">\n\t\t\t\t\t\t\t\t\tNos avions sont biplaces, avec un si\u00e8ge r\u00e9serv\u00e9 au pilote et un autre au passager. Malheureusement, nous ne pouvons pas accueillir plus de passagers dans un avion. \t\t\t\t\t\t\t\t<\/div>\n\t\t\t\t<\/div>\n\t\t\t\t<\/div>\n\t\t<div class=\"elementor-element elementor-element-56eb00c e-con-full e-flex e-con e-child\" data-id=\"56eb00c\" data-element_type=\"container\">\n\t\t\t\t<div class=\"elementor-element elementor-element-a212b94 animated-fast elementor-invisible elementor-widget elementor-widget-heading\" data-id=\"a212b94\" data-element_type=\"widget\" data-settings=\"{&quot;_animation&quot;:&quot;fadeInUp&quot;}\" data-widget_type=\"heading.default\">\n\t\t\t\t<div class=\"elementor-widget-container\">\n\t\t\t\t\t<h4 class=\"elementor-heading-title elementor-size-default\">Limite de poids\n<\/h4>\t\t\t\t<\/div>\n\t\t\t\t<\/div>\n\t\t\t\t<div class=\"elementor-element elementor-element-cfe2907 animated-fast elementor-invisible elementor-widget elementor-widget-text-editor\" data-id=\"cfe2907\" data-element_type=\"widget\" data-settings=\"{&quot;_animation&quot;:&quot;fadeInUp&quot;}\" data-widget_type=\"text-editor.default\">\n\t\t\t\t<div class=\"elementor-widget-container\">\n\t\t\t\t\t\t\t\t\tLa limite de poids par passager est de 105 kg.\n\t\t\t\t\t\t\t\t<\/div>\n\t\t\t\t<\/div>\n\t\t\t\t<\/div>\n\t\t<div class=\"elementor-element elementor-element-8b1cf99 e-con-full e-flex e-con e-child\" data-id=\"8b1cf99\" data-element_type=\"container\">\n\t\t\t\t<div class=\"elementor-element elementor-element-dad21db animated-fast elementor-invisible elementor-widget elementor-widget-heading\" data-id=\"dad21db\" data-element_type=\"widget\" data-settings=\"{&quot;_animation&quot;:&quot;fadeInUp&quot;}\" data-widget_type=\"heading.default\">\n\t\t\t\t<div class=\"elementor-widget-container\">\n\t\t\t\t\t<h4 class=\"elementor-heading-title elementor-size-default\">Limite d'\u00e2ge<\/h4>\t\t\t\t<\/div>\n\t\t\t\t<\/div>\n\t\t\t\t<div class=\"elementor-element elementor-element-5e465e1 animated-fast elementor-invisible elementor-widget elementor-widget-text-editor\" data-id=\"5e465e1\" data-element_type=\"widget\" data-settings=\"{&quot;_animation&quot;:&quot;fadeInUp&quot;}\" data-widget_type=\"text-editor.default\">\n\t\t\t\t<div class=\"elementor-widget-container\">\n\t\t\t\t\t\t\t\t\tLa limite d&rsquo;\u00e2ge est de 7 \u00e0 99 ans\t\t\t\t\t\t\t\t<\/div>\n\t\t\t\t<\/div>\n\t\t\t\t<\/div>\n\t\t<div class=\"elementor-element elementor-element-e7f3589 e-con-full e-flex e-con e-child\" data-id=\"e7f3589\" data-element_type=\"container\">\n\t\t\t\t<div class=\"elementor-element elementor-element-2982707 animated-fast elementor-invisible elementor-widget elementor-widget-heading\" data-id=\"2982707\" data-element_type=\"widget\" data-settings=\"{&quot;_animation&quot;:&quot;fadeInUp&quot;}\" data-widget_type=\"heading.default\">\n\t\t\t\t<div class=\"elementor-widget-container\">\n\t\t\t\t\t<h4 class=\"elementor-heading-title elementor-size-default\">Options de paiement\n<\/h4>\t\t\t\t<\/div>\n\t\t\t\t<\/div>\n\t\t\t\t<div class=\"elementor-element elementor-element-327d93f animated-fast elementor-invisible elementor-widget elementor-widget-text-editor\" data-id=\"327d93f\" data-element_type=\"widget\" data-settings=\"{&quot;_animation&quot;:&quot;fadeInUp&quot;}\" data-widget_type=\"text-editor.default\">\n\t\t\t\t<div class=\"elementor-widget-container\">\n\t\t\t\t\t\t\t\t\tNous acceptons les paiements par carte (Visa, Mastercard,) et en esp\u00e8ces en EUROS, USD ou en ROUPIES MAURICIENNES. Les taux de change s&rsquo;appliquent. Veuillez apporter votre carte ou des esp\u00e8ces car les paiements mobiles ne sont pas pris en charge.\t\t\t\t\t\t\t\t<\/div>\n\t\t\t\t<\/div>\n\t\t\t\t<\/div>\n\t\t<div class=\"elementor-element elementor-element-39fe1cd e-con-full e-flex e-con e-child\" data-id=\"39fe1cd\" data-element_type=\"container\">\n\t\t\t\t<div class=\"elementor-element elementor-element-fa25197 animated-fast elementor-invisible elementor-widget elementor-widget-heading\" data-id=\"fa25197\" data-element_type=\"widget\" data-settings=\"{&quot;_animation&quot;:&quot;fadeInUp&quot;}\" data-widget_type=\"heading.default\">\n\t\t\t\t<div class=\"elementor-widget-container\">\n\t\t\t\t\t<h4 class=\"elementor-heading-title elementor-size-default\">Annulation en cas de mauvais temps\n<\/h4>\t\t\t\t<\/div>\n\t\t\t\t<\/div>\n\t\t\t\t<div class=\"elementor-element elementor-element-7cc1737 animated-fast elementor-invisible elementor-widget elementor-widget-text-editor\" data-id=\"7cc1737\" data-element_type=\"widget\" data-settings=\"{&quot;_animation&quot;:&quot;fadeInUp&quot;}\" data-widget_type=\"text-editor.default\">\n\t\t\t\t<div class=\"elementor-widget-container\">\n\t\t\t\t\t\t\t\t\tEn cas d&rsquo;annulation due \u00e0 de mauvaises conditions m\u00e9t\u00e9orologiques, notre \u00e9quipe vous contactera dans les plus brefs d\u00e9lais par WhatsApp, appel t\u00e9l\u00e9phonique ou courriel. Veuillez garder votre t\u00e9l\u00e9phone \u00e0 port\u00e9e de main le jour de votre vol. N&rsquo;h\u00e9sitez pas \u00e9galement \u00e0 nous contacter sur WhatsApp avant de quitter votre h\u00e9bergement pour confirmer votre vol.\t\t\t\t\t\t\t\t<\/div>\n\t\t\t\t<\/div>\n\t\t\t\t<\/div>\n\t\t<div class=\"elementor-element elementor-element-5011b18 e-con-full e-flex e-con e-child\" data-id=\"5011b18\" data-element_type=\"container\">\n\t\t\t\t<div class=\"elementor-element elementor-element-97f5591 animated-fast elementor-invisible elementor-widget elementor-widget-heading\" data-id=\"97f5591\" data-element_type=\"widget\" data-settings=\"{&quot;_animation&quot;:&quot;fadeInUp&quot;}\" data-widget_type=\"heading.default\">\n\t\t\t\t<div class=\"elementor-widget-container\">\n\t\t\t\t\t<h4 class=\"elementor-heading-title elementor-size-default\">Informations importantes\n<\/h4>\t\t\t\t<\/div>\n\t\t\t\t<\/div>\n\t\t\t\t<div class=\"elementor-element elementor-element-b5a86ee animated-fast elementor-invisible elementor-widget elementor-widget-text-editor\" data-id=\"b5a86ee\" data-element_type=\"widget\" data-settings=\"{&quot;_animation&quot;:&quot;fadeInUp&quot;}\" data-widget_type=\"text-editor.default\">\n\t\t\t\t<div class=\"elementor-widget-container\">\n\t\t\t\t\t\t\t\t\t<p>La dur\u00e9e du vol est mesur\u00e9e \u00e0 partir du d\u00e9marrage du moteur jusqu&rsquo;\u00e0 son arr\u00eat. Votre exp\u00e9rience comprend les proc\u00e9dures de roulage, de d\u00e9collage et d&rsquo;atterrissage. <\/p>\t\t\t\t\t\t\t\t<\/div>\n\t\t\t\t<\/div>\n\t\t\t\t<\/div>\n\t\t<div class=\"elementor-element elementor-element-c3bfa99 e-con-full e-flex e-con e-child\" data-id=\"c3bfa99\" data-element_type=\"container\">\n\t\t\t\t<div class=\"elementor-element elementor-element-d79cc52 elementor-widget elementor-widget-spacer\" data-id=\"d79cc52\" data-element_type=\"widget\" data-widget_type=\"spacer.default\">\n\t\t\t\t<div class=\"elementor-widget-container\">\n\t\t\t\t\t\t\t<div class=\"elementor-spacer\">\n\t\t\t<div class=\"elementor-spacer-inner\"><\/div>\n\t\t<\/div>\n\t\t\t\t\t\t<\/div>\n\t\t\t\t<\/div>\n\t\t\t\t<\/div>\n\t\t\t\t\t<\/div>\n\t\t\t\t<\/div>\n\t\t\t\t<\/div>\n\t\t","protected":false},"excerpt":{"rendered":"<p>Conditions G\u00e9n\u00e9rales Un passager \u00e0 la fois par avion Nos avions sont biplaces, avec un si\u00e8ge r\u00e9serv\u00e9 au pilote et un autre au passager. Malheureusement, nous ne pouvons pas accueillir plus de passagers dans un avion. Limite de poids La limite de poids par passager est de 105 kg. Limite d&rsquo;\u00e2ge La limite d&rsquo;\u00e2ge est [&hellip;]<\/p>\n","protected":false},"author":1,"featured_media":0,"parent":0,"menu_order":0,"comment_status":"closed","ping_status":"closed","template":"","meta":{"_acf_changed":false,"footnotes":""},"class_list":["post-4694","page","type-page","status-publish","hentry"],"acf":[],"_links":{"self":[{"href":"https:\/\/islandwingsmauritius.com\/fr\/wp-json\/wp\/v2\/pages\/4694","targetHints":{"allow":["GET"]}}],"collection":[{"href":"https:\/\/islandwingsmauritius.com\/fr\/wp-json\/wp\/v2\/pages"}],"about":[{"href":"https:\/\/islandwingsmauritius.com\/fr\/wp-json\/wp\/v2\/types\/page"}],"author":[{"embeddable":true,"href":"https:\/\/islandwingsmauritius.com\/fr\/wp-json\/wp\/v2\/users\/1"}],"replies":[{"embeddable":true,"href":"https:\/\/islandwingsmauritius.com\/fr\/wp-json\/wp\/v2\/comments?post=4694"}],"version-history":[{"count":5,"href":"https:\/\/islandwingsmauritius.com\/fr\/wp-json\/wp\/v2\/pages\/4694\/revisions"}],"predecessor-version":[{"id":4719,"href":"https:\/\/islandwingsmauritius.com\/fr\/wp-json\/wp\/v2\/pages\/4694\/revisions\/4719"}],"wp:attachment":[{"href":"https:\/\/islandwingsmauritius.com\/fr\/wp-json\/wp\/v2\/media?parent=4694"}],"curies":[{"name":"wp","href":"https:\/\/api.w.org\/{rel}","templated":true}]}}