{"id":4290,"date":"2025-07-10T19:21:41","date_gmt":"2025-07-10T15:21:41","guid":{"rendered":"https:\/\/islandwingsmauritius.com\/politique-de-confidentialite\/"},"modified":"2025-07-10T20:18:16","modified_gmt":"2025-07-10T16:18:16","slug":"politique-de-confidentialite","status":"publish","type":"page","link":"https:\/\/islandwingsmauritius.com\/fr\/politique-de-confidentialite\/","title":{"rendered":"Politique de confidentialit\u00e9"},"content":{"rendered":"\t\t<div data-elementor-type=\"wp-page\" data-elementor-id=\"4290\" class=\"elementor elementor-4290 elementor-4283\" data-elementor-post-type=\"page\">\n\t\t\t\t<div data-dce-background-image-url=\"https:\/\/islandwingsmauritius.com\/wp-content\/uploads\/home-hero.webp\" class=\"elementor-element elementor-element-3ac5954 e-flex e-con-boxed e-con e-parent\" data-id=\"3ac5954\" data-element_type=\"container\" data-settings=\"{&quot;background_background&quot;:&quot;classic&quot;}\">\n\t\t\t\t\t<div class=\"e-con-inner\">\n\t\t\t\t<div class=\"elementor-element elementor-element-d880a41 animated-fast elementor-invisible elementor-widget elementor-widget-heading\" data-id=\"d880a41\" data-element_type=\"widget\" data-settings=\"{&quot;_animation&quot;:&quot;fadeInUp&quot;}\" data-widget_type=\"heading.default\">\n\t\t\t\t<div class=\"elementor-widget-container\">\n\t\t\t\t\t<h1 class=\"elementor-heading-title elementor-size-default\">Politique de confidentialit\u00e9<\/h1>\t\t\t\t<\/div>\n\t\t\t\t<\/div>\n\t\t\t\t\t<\/div>\n\t\t\t\t<\/div>\n\t\t<div class=\"elementor-element elementor-element-67979ba e-flex e-con-boxed e-con e-parent\" data-id=\"67979ba\" data-element_type=\"container\" data-settings=\"{&quot;background_background&quot;:&quot;classic&quot;}\">\n\t\t\t\t\t<div class=\"e-con-inner\">\n\t\t<div class=\"elementor-element elementor-element-be516e2 e-con-full e-flex e-con e-child\" data-id=\"be516e2\" data-element_type=\"container\">\n\t\t\t\t<div class=\"elementor-element elementor-element-8baec9f animated-fast elementor-invisible elementor-widget elementor-widget-text-editor\" data-id=\"8baec9f\" data-element_type=\"widget\" data-settings=\"{&quot;_animation&quot;:&quot;fadeInUp&quot;}\" data-widget_type=\"text-editor.default\">\n\t\t\t\t<div class=\"elementor-widget-container\">\n\t\t\t\t\t\t\t\t\tCette politique de confidentialit\u00e9 d\u00e9crit les politiques d&rsquo;Island Wings Mauritius, Z.I Mon Loisir Sugar Estate (Airstrip), Riviere Du Rempart 30107, Mauritius, email : info@islandwingsmauritius.com, phone : +230 5421 4987 concernant la collecte, l&rsquo;utilisation et la divulgation des informations que nous recueillons lorsque vous utilisez notre site web ( https:\/\/islandwingsmauritius.com ). (le \u00ab\u00a0Service\u00a0\u00bb). En acc\u00e9dant au Service ou en l&rsquo;utilisant, vous consentez \u00e0 la collecte, \u00e0 l&rsquo;utilisation et \u00e0 la divulgation de vos informations conform\u00e9ment \u00e0 la pr\u00e9sente politique de confidentialit\u00e9. Si vous n&rsquo;y consentez pas, veuillez ne pas acc\u00e9der au service ni l&rsquo;utiliser.   \t\t\t\t\t\t\t\t<\/div>\n\t\t\t\t<\/div>\n\t\t\t\t<div class=\"elementor-element elementor-element-c4bdfaa animated-fast elementor-invisible elementor-widget elementor-widget-text-editor\" data-id=\"c4bdfaa\" data-element_type=\"widget\" data-settings=\"{&quot;_animation&quot;:&quot;fadeInUp&quot;}\" data-widget_type=\"text-editor.default\">\n\t\t\t\t<div class=\"elementor-widget-container\">\n\t\t\t\t\t\t\t\t\tNous pouvons modifier la pr\u00e9sente politique de confidentialit\u00e9 \u00e0 tout moment sans vous en informer au pr\u00e9alable et nous publierons la politique de confidentialit\u00e9 r\u00e9vis\u00e9e sur le service. La politique r\u00e9vis\u00e9e entrera en vigueur 180 jours apr\u00e8s sa publication sur le service et votre acc\u00e8s ou utilisation continue du service apr\u00e8s cette date constituera votre acceptation de la politique de confidentialit\u00e9 r\u00e9vis\u00e9e. Nous vous recommandons donc de consulter r\u00e9guli\u00e8rement cette page.  \t\t\t\t\t\t\t\t<\/div>\n\t\t\t\t<\/div>\n\t\t\t\t<\/div>\n\t\t<div class=\"elementor-element elementor-element-b72fb3b e-con-full e-flex e-con e-child\" data-id=\"b72fb3b\" data-element_type=\"container\">\n\t\t\t\t<div class=\"elementor-element elementor-element-1d03843 animated-fast elementor-invisible elementor-widget elementor-widget-heading\" data-id=\"1d03843\" data-element_type=\"widget\" data-settings=\"{&quot;_animation&quot;:&quot;fadeInUp&quot;}\" data-widget_type=\"heading.default\">\n\t\t\t\t<div class=\"elementor-widget-container\">\n\t\t\t\t\t<h4 class=\"elementor-heading-title elementor-size-default\">Les informations que nous recueillons :<\/h4>\t\t\t\t<\/div>\n\t\t\t\t<\/div>\n\t\t\t\t<div class=\"elementor-element elementor-element-96ea4a7 animated-fast elementor-invisible elementor-widget elementor-widget-text-editor\" data-id=\"96ea4a7\" data-element_type=\"widget\" data-settings=\"{&quot;_animation&quot;:&quot;fadeInUp&quot;}\" data-widget_type=\"text-editor.default\">\n\t\t\t\t<div class=\"elementor-widget-container\">\n\t\t\t\t\t\t\t\t\t<p class=\"privacy-policy-p\">Nous collecterons et traiterons les informations personnelles suivantes vous concernant :<\/p><ol><li style=\"list-style-type: none;\"><ol class=\"privacy-policy-ol\"><li>Nom<\/li><li>Courriel<\/li><li>Mobile<\/li><\/ol><\/li><\/ol>\t\t\t\t\t\t\t\t<\/div>\n\t\t\t\t<\/div>\n\t\t\t\t<\/div>\n\t\t<div class=\"elementor-element elementor-element-56eb00c e-con-full e-flex e-con e-child\" data-id=\"56eb00c\" data-element_type=\"container\">\n\t\t\t\t<div class=\"elementor-element elementor-element-a212b94 animated-fast elementor-invisible elementor-widget elementor-widget-heading\" data-id=\"a212b94\" data-element_type=\"widget\" data-settings=\"{&quot;_animation&quot;:&quot;fadeInUp&quot;}\" data-widget_type=\"heading.default\">\n\t\t\t\t<div class=\"elementor-widget-container\">\n\t\t\t\t\t<h4 class=\"elementor-heading-title elementor-size-default\">Comment nous utilisons vos informations :<\/h4>\t\t\t\t<\/div>\n\t\t\t\t<\/div>\n\t\t\t\t<div class=\"elementor-element elementor-element-cfe2907 animated-fast elementor-invisible elementor-widget elementor-widget-text-editor\" data-id=\"cfe2907\" data-element_type=\"widget\" data-settings=\"{&quot;_animation&quot;:&quot;fadeInUp&quot;}\" data-widget_type=\"text-editor.default\">\n\t\t\t\t<div class=\"elementor-widget-container\">\n\t\t\t\t\t\t\t\t\t<p>Nous utiliserons les informations que nous recueillons \u00e0 votre sujet aux fins suivantes :<\/p><ol class=\"privacy-policy-ol\"><li>Marketing\/ Promotion<\/li><li>Soutien<\/li><li>Informations sur l&rsquo;administration<\/li><li>Publicit\u00e9 cibl\u00e9e<\/li><\/ol><p><br>Si nous voulons utiliser vos informations \u00e0 d&rsquo;autres fins, nous vous demanderons votre consentement et nous n&rsquo;utiliserons vos informations qu&rsquo;apr\u00e8s avoir re\u00e7u votre consentement et, dans ce cas, uniquement aux fins pour lesquelles vous avez donn\u00e9 votre consentement, sauf si la loi nous oblige \u00e0 faire autrement.<\/p>\t\t\t\t\t\t\t\t<\/div>\n\t\t\t\t<\/div>\n\t\t\t\t<\/div>\n\t\t<div class=\"elementor-element elementor-element-8b1cf99 e-con-full e-flex e-con e-child\" data-id=\"8b1cf99\" data-element_type=\"container\">\n\t\t\t\t<div class=\"elementor-element elementor-element-dad21db animated-fast elementor-invisible elementor-widget elementor-widget-heading\" data-id=\"dad21db\" data-element_type=\"widget\" data-settings=\"{&quot;_animation&quot;:&quot;fadeInUp&quot;}\" data-widget_type=\"heading.default\">\n\t\t\t\t<div class=\"elementor-widget-container\">\n\t\t\t\t\t<h4 class=\"elementor-heading-title elementor-size-default\">Comment nous partageons vos informations :<\/h4>\t\t\t\t<\/div>\n\t\t\t\t<\/div>\n\t\t\t\t<div class=\"elementor-element elementor-element-5e465e1 animated-fast elementor-invisible elementor-widget elementor-widget-text-editor\" data-id=\"5e465e1\" data-element_type=\"widget\" data-settings=\"{&quot;_animation&quot;:&quot;fadeInUp&quot;}\" data-widget_type=\"text-editor.default\">\n\t\t\t\t<div class=\"elementor-widget-container\">\n\t\t\t\t\t\t\t\t\t<p>Nous ne transf\u00e9rerons pas vos informations personnelles \u00e0 un tiers sans votre consentement, sauf dans les circonstances limit\u00e9es d\u00e9crites ci-dessous :<\/p><ol class=\"privacy-policy-ol\"><li>Service de publicit\u00e9<\/li><li>Analyse<\/li><li>Collecte et traitement des donn\u00e9es<\/li><\/ol><p class=\"privacy-policy-p\"><br>Nous demandons \u00e0 ces tiers d&rsquo;utiliser les informations personnelles que nous leur transf\u00e9rons uniquement aux fins pour lesquelles elles ont \u00e9t\u00e9 transf\u00e9r\u00e9es et de ne pas les conserver plus longtemps qu&rsquo;il n&rsquo;est n\u00e9cessaire pour atteindre lesdites fins.<\/p><p>Nous pouvons \u00e9galement divulguer vos informations personnelles dans les cas suivants : (1) se conformer \u00e0 la loi, \u00e0 la r\u00e9glementation, \u00e0 l&rsquo;ordonnance d&rsquo;un tribunal ou \u00e0 toute autre proc\u00e9dure judiciaire applicable ; (2) faire respecter les accords que vous avez conclus avec nous, y compris la pr\u00e9sente politique de confidentialit\u00e9 ; ou (3) r\u00e9pondre \u00e0 des r\u00e9clamations selon lesquelles votre utilisation du service viole les droits d&rsquo;une tierce partie. Si le service ou notre soci\u00e9t\u00e9 est fusionn\u00e9 ou acquis par une autre soci\u00e9t\u00e9, vos informations seront l&rsquo;un des actifs transf\u00e9r\u00e9s au nouveau propri\u00e9taire. <\/p>\t\t\t\t\t\t\t\t<\/div>\n\t\t\t\t<\/div>\n\t\t\t\t<\/div>\n\t\t<div class=\"elementor-element elementor-element-e7f3589 e-con-full e-flex e-con e-child\" data-id=\"e7f3589\" data-element_type=\"container\">\n\t\t\t\t<div class=\"elementor-element elementor-element-2982707 animated-fast elementor-invisible elementor-widget elementor-widget-heading\" data-id=\"2982707\" data-element_type=\"widget\" data-settings=\"{&quot;_animation&quot;:&quot;fadeInUp&quot;}\" data-widget_type=\"heading.default\">\n\t\t\t\t<div class=\"elementor-widget-container\">\n\t\t\t\t\t<h4 class=\"elementor-heading-title elementor-size-default\">Conservation de vos informations :<\/h4>\t\t\t\t<\/div>\n\t\t\t\t<\/div>\n\t\t\t\t<div class=\"elementor-element elementor-element-327d93f animated-fast elementor-invisible elementor-widget elementor-widget-text-editor\" data-id=\"327d93f\" data-element_type=\"widget\" data-settings=\"{&quot;_animation&quot;:&quot;fadeInUp&quot;}\" data-widget_type=\"text-editor.default\">\n\t\t\t\t<div class=\"elementor-widget-container\">\n\t\t\t\t\t\t\t\t\tNous conserverons vos informations personnelles pendant 90 jours \u00e0 2 ans apr\u00e8s que les utilisateurs ont r\u00e9sili\u00e9 leur compte ou aussi longtemps que nous en aurons besoin pour atteindre les objectifs pour lesquels elles ont \u00e9t\u00e9 collect\u00e9es, comme indiqu\u00e9 dans la pr\u00e9sente politique de protection de la vie priv\u00e9e. Il se peut que nous devions conserver certaines informations pour des p\u00e9riodes plus longues, par exemple pour la tenue de registres ou l&rsquo;\u00e9tablissement de rapports conform\u00e9ment \u00e0 la l\u00e9gislation applicable ou pour d&rsquo;autres raisons l\u00e9gitimes telles que l&rsquo;application de droits l\u00e9gaux, la pr\u00e9vention de la fraude, etc. Les informations anonymes r\u00e9siduelles et les informations agr\u00e9g\u00e9es, qui ne permettent pas de vous identifier (directement ou indirectement), peuvent \u00eatre stock\u00e9es ind\u00e9finiment.  \t\t\t\t\t\t\t\t<\/div>\n\t\t\t\t<\/div>\n\t\t\t\t<\/div>\n\t\t<div class=\"elementor-element elementor-element-39fe1cd e-con-full e-flex e-con e-child\" data-id=\"39fe1cd\" data-element_type=\"container\">\n\t\t\t\t<div class=\"elementor-element elementor-element-fa25197 animated-fast elementor-invisible elementor-widget elementor-widget-heading\" data-id=\"fa25197\" data-element_type=\"widget\" data-settings=\"{&quot;_animation&quot;:&quot;fadeInUp&quot;}\" data-widget_type=\"heading.default\">\n\t\t\t\t<div class=\"elementor-widget-container\">\n\t\t\t\t\t<h4 class=\"elementor-heading-title elementor-size-default\">Vos droits :<\/h4>\t\t\t\t<\/div>\n\t\t\t\t<\/div>\n\t\t\t\t<div class=\"elementor-element elementor-element-7cc1737 animated-fast elementor-invisible elementor-widget elementor-widget-text-editor\" data-id=\"7cc1737\" data-element_type=\"widget\" data-settings=\"{&quot;_animation&quot;:&quot;fadeInUp&quot;}\" data-widget_type=\"text-editor.default\">\n\t\t\t\t<div class=\"elementor-widget-container\">\n\t\t\t\t\t\t\t\t\t<p>En fonction de la l\u00e9gislation applicable, vous pouvez avoir un droit d&rsquo;acc\u00e8s et de rectification ou d&rsquo;effacement de vos donn\u00e9es \u00e0 caract\u00e8re personnel ou recevoir une copie de vos donn\u00e9es \u00e0 caract\u00e8re personnel, restreindre le traitement actif de vos donn\u00e9es ou vous y opposer, nous demander de partager (portage) vos donn\u00e9es \u00e0 caract\u00e8re personnel avec une autre entit\u00e9, retirer tout consentement que vous nous avez donn\u00e9 pour traiter vos donn\u00e9es, un droit de d\u00e9poser une plainte aupr\u00e8s d&rsquo;une autorit\u00e9 statutaire et tout autre droit pertinent en vertu de la l\u00e9gislation applicable. Pour exercer ces droits, vous pouvez nous \u00e9crire \u00e0 info@islandwingsmauritius.com. Nous r\u00e9pondrons \u00e0 votre demande conform\u00e9ment \u00e0 la l\u00e9gislation applicable.  <\/p><p>Vous pouvez refuser les communications de marketing direct ou le profilage que nous effectuons \u00e0 des fins de marketing en nous \u00e9crivant \u00e0 l&rsquo;adresse suivante : info@islandwingsmauritius.com.<\/p><p>Veuillez noter que si vous ne nous autorisez pas \u00e0 collecter ou \u00e0 traiter les informations personnelles requises ou si vous retirez votre consentement au traitement de ces informations aux fins requises, il se peut que vous ne puissiez pas acc\u00e9der aux services pour lesquels vos informations ont \u00e9t\u00e9 demand\u00e9es, ni les utiliser.<\/p>\t\t\t\t\t\t\t\t<\/div>\n\t\t\t\t<\/div>\n\t\t\t\t<\/div>\n\t\t<div class=\"elementor-element elementor-element-5011b18 e-con-full e-flex e-con e-child\" data-id=\"5011b18\" data-element_type=\"container\">\n\t\t\t\t<div class=\"elementor-element elementor-element-97f5591 animated-fast elementor-invisible elementor-widget elementor-widget-heading\" data-id=\"97f5591\" data-element_type=\"widget\" data-settings=\"{&quot;_animation&quot;:&quot;fadeInUp&quot;}\" data-widget_type=\"heading.default\">\n\t\t\t\t<div class=\"elementor-widget-container\">\n\t\t\t\t\t<h4 class=\"elementor-heading-title elementor-size-default\">Cookies Etc.<\/h4>\t\t\t\t<\/div>\n\t\t\t\t<\/div>\n\t\t\t\t<div class=\"elementor-element elementor-element-b5a86ee animated-fast elementor-invisible elementor-widget elementor-widget-text-editor\" data-id=\"b5a86ee\" data-element_type=\"widget\" data-settings=\"{&quot;_animation&quot;:&quot;fadeInUp&quot;}\" data-widget_type=\"text-editor.default\">\n\t\t\t\t<div class=\"elementor-widget-container\">\n\t\t\t\t\t\t\t\t\tPour en savoir plus sur la mani\u00e8re dont nous utilisons ces technologies et sur les choix qui s&rsquo;offrent \u00e0 vous en ce qui concerne ces technologies de suivi, veuillez consulter notre politique en mati\u00e8re de cookies.\t\t\t\t\t\t\t\t<\/div>\n\t\t\t\t<\/div>\n\t\t\t\t<\/div>\n\t\t<div class=\"elementor-element elementor-element-6a0c864 e-con-full e-flex e-con e-child\" data-id=\"6a0c864\" data-element_type=\"container\">\n\t\t\t\t<div class=\"elementor-element elementor-element-9ae0f4c animated-fast elementor-invisible elementor-widget elementor-widget-heading\" data-id=\"9ae0f4c\" data-element_type=\"widget\" data-settings=\"{&quot;_animation&quot;:&quot;fadeInUp&quot;}\" data-widget_type=\"heading.default\">\n\t\t\t\t<div class=\"elementor-widget-container\">\n\t\t\t\t\t<h4 class=\"elementor-heading-title elementor-size-default\">La s\u00e9curit\u00e9 :<\/h4>\t\t\t\t<\/div>\n\t\t\t\t<\/div>\n\t\t\t\t<div class=\"elementor-element elementor-element-7ff8911 animated-fast elementor-invisible elementor-widget elementor-widget-text-editor\" data-id=\"7ff8911\" data-element_type=\"widget\" data-settings=\"{&quot;_animation&quot;:&quot;fadeInUp&quot;}\" data-widget_type=\"text-editor.default\">\n\t\t\t\t<div class=\"elementor-widget-container\">\n\t\t\t\t\t\t\t\t\tLa s\u00e9curit\u00e9 de vos informations est importante pour nous et nous utiliserons des mesures de s\u00e9curit\u00e9 raisonnables pour emp\u00eacher la perte, l&rsquo;utilisation abusive ou la modification non autoris\u00e9e de vos informations sous notre contr\u00f4le. Toutefois, compte tenu des risques inh\u00e9rents, nous ne pouvons pas garantir une s\u00e9curit\u00e9 absolue et, par cons\u00e9quent, nous ne pouvons pas assurer ou garantir la s\u00e9curit\u00e9 des informations que vous nous transmettez et vous le faites \u00e0 vos propres risques. \t\t\t\t\t\t\t\t<\/div>\n\t\t\t\t<\/div>\n\t\t\t\t<\/div>\n\t\t<div class=\"elementor-element elementor-element-90933a7 e-con-full e-flex e-con e-child\" data-id=\"90933a7\" data-element_type=\"container\">\n\t\t\t\t<div class=\"elementor-element elementor-element-58afd0c animated-fast elementor-invisible elementor-widget elementor-widget-heading\" data-id=\"58afd0c\" data-element_type=\"widget\" data-settings=\"{&quot;_animation&quot;:&quot;fadeInUp&quot;}\" data-widget_type=\"heading.default\">\n\t\t\t\t<div class=\"elementor-widget-container\">\n\t\t\t\t\t<h4 class=\"elementor-heading-title elementor-size-default\">Responsable des griefs \/ de la protection des donn\u00e9es :<\/h4>\t\t\t\t<\/div>\n\t\t\t\t<\/div>\n\t\t\t\t<div class=\"elementor-element elementor-element-1b4953a animated-fast elementor-invisible elementor-widget elementor-widget-text-editor\" data-id=\"1b4953a\" data-element_type=\"widget\" data-settings=\"{&quot;_animation&quot;:&quot;fadeInUp&quot;}\" data-widget_type=\"text-editor.default\">\n\t\t\t\t<div class=\"elementor-widget-container\">\n\t\t\t\t\t\t\t\t\tSi vous avez des questions ou des pr\u00e9occupations concernant le traitement de vos informations disponibles chez nous, vous pouvez envoyer un courriel \u00e0 notre Grievance Officer \u00e0 Island Wings Mauritius, Z.I Mon Loisir Sugar Estate (Airstrip), Riviere Du Rempart, Mauritius, courriel : info@islandwingsmauritius.com. Nous r\u00e9pondrons \u00e0 vos pr\u00e9occupations conform\u00e9ment \u00e0 la l\u00e9gislation en vigueur.\t\t\t\t\t\t\t\t<\/div>\n\t\t\t\t<\/div>\n\t\t\t\t<\/div>\n\t\t\t\t\t<\/div>\n\t\t\t\t<\/div>\n\t\t\t\t<\/div>\n\t\t","protected":false},"excerpt":{"rendered":"<p>Politique de confidentialit\u00e9 Cette politique de confidentialit\u00e9 d\u00e9crit les politiques d&rsquo;Island Wings Mauritius, Z.I Mon Loisir Sugar Estate (Airstrip), Riviere Du Rempart 30107, Mauritius, email : info@islandwingsmauritius.com, phone : +230 5421 4987 concernant la collecte, l&rsquo;utilisation et la divulgation des informations que nous recueillons lorsque vous utilisez notre site web ( https:\/\/islandwingsmauritius.com ). (le \u00ab\u00a0Service\u00a0\u00bb). [&hellip;]<\/p>\n","protected":false},"author":1,"featured_media":0,"parent":0,"menu_order":0,"comment_status":"closed","ping_status":"closed","template":"","meta":{"_acf_changed":false,"footnotes":""},"class_list":["post-4290","page","type-page","status-publish","hentry"],"acf":[],"_links":{"self":[{"href":"https:\/\/islandwingsmauritius.com\/fr\/wp-json\/wp\/v2\/pages\/4290","targetHints":{"allow":["GET"]}}],"collection":[{"href":"https:\/\/islandwingsmauritius.com\/fr\/wp-json\/wp\/v2\/pages"}],"about":[{"href":"https:\/\/islandwingsmauritius.com\/fr\/wp-json\/wp\/v2\/types\/page"}],"author":[{"embeddable":true,"href":"https:\/\/islandwingsmauritius.com\/fr\/wp-json\/wp\/v2\/users\/1"}],"replies":[{"embeddable":true,"href":"https:\/\/islandwingsmauritius.com\/fr\/wp-json\/wp\/v2\/comments?post=4290"}],"version-history":[{"count":3,"href":"https:\/\/islandwingsmauritius.com\/fr\/wp-json\/wp\/v2\/pages\/4290\/revisions"}],"predecessor-version":[{"id":4308,"href":"https:\/\/islandwingsmauritius.com\/fr\/wp-json\/wp\/v2\/pages\/4290\/revisions\/4308"}],"wp:attachment":[{"href":"https:\/\/islandwingsmauritius.com\/fr\/wp-json\/wp\/v2\/media?parent=4290"}],"curies":[{"name":"wp","href":"https:\/\/api.w.org\/{rel}","templated":true}]}}